{"id":90,"date":"2019-04-10T15:10:43","date_gmt":"2019-04-10T15:10:43","guid":{"rendered":"https:\/\/ps-fib.de\/?page_id=90"},"modified":"2022-11-07T08:58:56","modified_gmt":"2022-11-07T08:58:56","slug":"global-health-special","status":"publish","type":"page","link":"https:\/\/ps-fib.de\/de\/global-health-special\/","title":{"rendered":"Global Health Special"},"content":{"rendered":"[vc_row fullwidth=&#8220;true&#8220; el_class=&#8220;top_header_custom_final&#8220; css=&#8220;.vc_custom_1555112607412{background-image: url(https:\/\/ps-fib.de\/wp-content\/uploads\/2019\/04\/special-header.jpg?id=92) !important;}&#8220;][vc_column][vc_row_inner el_class=&#8220;inner_content&#8220; css=&#8220;.vc_custom_1555113259892{padding-top: 100px !important;padding-left: 90px !important;}&#8220;][vc_column_inner][vc_custom_heading text=&#8220;FOYER GLOBAL HEALTH SPECIAL&#8220; font_container=&#8220;tag:h2|text_align:left|color:%23ffffff&#8220; use_theme_fonts=&#8220;yes&#8220; el_class=&#8220;page_title_custom&#8220;][vc_custom_heading text=&#8220;Internationale Krankenversicherung&#8220; font_container=&#8220;tag:h1|text_align:left|color:%23ffffff&#8220; use_theme_fonts=&#8220;yes&#8220; el_class=&#8220;custom_heading_lg&#8220;][\/vc_column_inner][\/vc_row_inner][\/vc_column][\/vc_row][vc_row css=&#8220;.vc_custom_1554919533498{padding-top: 44px !important;padding-bottom: 44px !important;}&#8220; el_class=&#8220;arrow_top&#8220;][vc_column][vc_custom_heading text=&#8220;W\u00e4hlen Sie unseren Bestseller, wo immer Sie auch hingehen&#8220; font_container=&#8220;tag:h2|text_align:center|color:%232f2f2f&#8220; use_theme_fonts=&#8220;yes&#8220; css=&#8220;.vc_custom_1554939309079{margin-top: 0px !important;margin-right: 0px !important;margin-bottom: 0px !important;margin-left: 0px !important;}&#8220; el_class=&#8220;inner_page_custom_heading&#8220;][\/vc_column][\/vc_row][vc_row fullwidth=&#8220;true&#8220; el_class=&#8220;background_gradient_custom&#8220; css=&#8220;.vc_custom_1554911208080{padding-top: 100px !important;padding-bottom: 100px !important;}&#8220;][vc_column][vc_row_inner el_class=&#8220;inner_content&#8220;][vc_column_inner][vc_column_text el_class=&#8220;special_page_p&#8220; css=&#8220;.vc_custom_1554939349389{margin-bottom: 0px !important;}&#8220;]<strong>Special<\/strong> ist die richtige Wahl, wenn Sie vollumf\u00e4nglichen Schutz suchen und sich in keiner Situation Gedanken machen wollen.[\/vc_column_text][\/vc_column_inner][\/vc_row_inner][vc_row_inner el_class=&#8220;inner_content&#8220; css=&#8220;.vc_custom_1554919621657{padding-top: 50px !important;}&#8220;][vc_column_inner width=&#8220;1\/12&#8243;][\/vc_column_inner][vc_column_inner width=&#8220;4\/12&#8243;][vc_single_image image=&#8220;103&#8243; img_size=&#8220;full&#8220; el_class=&#8220;border_radius_20&#8243;][\/vc_column_inner][vc_column_inner width=&#8220;6\/12&#8243;][vc_column_text el_class=&#8220;p_container_pad&#8220; css=&#8220;.vc_custom_1558048928370{margin-bottom: 0px !important;}&#8220;]<b>Special<\/b>\u00a0wird gew\u00e4hlt wegen seiner ausgewogenen Kombination aus Leistungen und Pr\u00e4mien. Durch seinen vollumf\u00e4nglichen Schutz, der sowohl pr\u00e4ventive wie auch medizinische Behandlungen aller Art umfasst und durch ein komplettes Paket an Zahnbehandlungen abgerundet wird, bietet er sowohl dem professionellen Single wie der Familie den richtigen Versicherungsschutz.<\/p>\n<p>Um ihr Leben ins Ausland zu verlegen braucht es eine internationale Krankenversicherung, eine Reiseversicherung ist da nicht gut genug.<\/p>\n<p><a href=\"https:\/\/ps-fib.de\/wp-content\/uploads\/2019\/05\/ipid-exclusive-de-14122018-.pdf\" target=\"_blank\" rel=\"noopener noreferrer\">Informationsblatt \u00fcber Versicherungsprodukte\u00a0(IPID)<\/a><\/p>\n<p><a class=\"gajs\" href=\"#tables_area\">Entdecken Sie unsere Versicherungsleistungen und Dienstleistungen<\/a>[\/vc_column_text][\/vc_column_inner][vc_column_inner width=&#8220;1\/12&#8243;][\/vc_column_inner][\/vc_row_inner][\/vc_column][\/vc_row][vc_row fullwidth=&#8220;true&#8220; id=&#8220;tables_area&#8220; css=&#8220;.vc_custom_1667811368164{background-color: #474999 !important;}&#8220;][vc_column][vc_custom_heading text=&#8220;SPECIAL Versicherungsschutz : die Leistungen im Einzelnen&#8220; font_container=&#8220;tag:h3|font_size:22px|text_align:left|color:%23ffffff&#8220; use_theme_fonts=&#8220;yes&#8220; el_class=&#8220;special_table_heading&#8220;][\/vc_column][\/vc_row][vc_row fullwidth=&#8220;true&#8220; id=&#8220;get_quote&#8220;][vc_column][vc_raw_html css=&#8220;.vc_custom_1667811533694{margin-bottom: 0px !important;}&#8220;]JTNDaHRtbCUyMGxhbmclM0QlMjJlbiUyMiUzRSUwQSUzQ2hlYWQlM0UlMEElMjAlMjAlM0N0aXRsZSUzRVNob3clMjBhJTIwc3BlY2lmaWMlMjBwYXJ0JTIwb2YlMjBhJTIwd2Vic2l0ZSUyMGluJTIwaWZyYW1lJTNDJTJGdGl0bGUlM0UlMEElM0MlMkZoZWFkJTNFJTBBJTNDYm9keSUzRSUwQSUyMCUyMCUzQ3N0eWxlJTNFJTBBJTIwJTIzZGl2LWlkJTdCJTBBJTIwJTIwJTIwJTIwYm9yZGVyJTIwJTNBJTIwMHB4JTIwc29saWQlMjBibHVlJTNCJTBBJTIwJTIwJTIwJTIwd2lkdGglMjAlMjAlMjAlMjAlM0ElMjAxMDAlMjUlM0IlMEElMjAlMjAlMjAlMjBoZWlnaHQlMjAlMjAlMjAlM0ElMjAyNTAwcHglM0IlMEElMjAlMjAlMjAlMjBwb3NpdGlvbiUyMCUzQSUyMHJlbGF0aXZlJTNCJTBBJTIwJTIwJTIwJTIwb3ZlcmZsb3clMjAlM0ElMjBoaWRkZW4lM0IlMEElN0QlMEElMEElMjAlMjNpZnJhbWUtaWQlN0IlMEElMjAlMjAlMjAlMjBwb3NpdGlvbiUyMCUzQSUyMGFic29sdXRlJTNCJTBBJTIwJTIwJTIwJTIwdG9wJTIwJTIwJTIwJTIwJTIwJTIwJTNBJTIwLTMzMDBweCUzQiUwQSUyMCUyMCUyMCUyMGxlZnQlMjAlMjAlMjAlMjAlMjAlM0ElMjAtMnB4JTNCJTBBJTIwJTIwJTIwJTIwd2lkdGglMjAlMjAlMjAlMjAlM0ElMjAxMDAlMjUlM0IlMEElMjAlMjAlMjAlMjBoZWlnaHQlMjAlMjAlMjAlM0ElMjA0ODB2aCUzQiUwQSU3RCUwQSUzQyUyRnN0eWxlJTNFJTBBJTNDZGl2JTIwaWQlM0QlMjJkaXYtaWQlMjIlM0UlMEElMjAlM0NpZnJhbWUlMjBzcmMlM0QlMjJodHRwcyUzQSUyRiUyRnd3dy5mb3llcmdsb2JhbGhlYWx0aC5jb20lMkZkZSUyRnByb2R1a3RlLWRpZW5zdGxlaXN0dW5nZW4lMkZ1bnNlcmUtcHJvZHVrdGUlMkZwcm9kdWt0LWZnaC1zcGVjaWFsJTJGJTIyJTIwaWQlM0QlMjJpZnJhbWUtaWQlMjIlMjBzY3JvbGxpbmclM0QlMjJubyUyMiUzRSUzQyUyRmlmcmFtZSUzRSUwQSUzQyUyRmRpdiUzRSUwQSUzQyUyRmJvZHklM0UlMEElM0MlMkZodG1sJTNFJTBB[\/vc_raw_html][\/vc_column][\/vc_row][vc_row fullwidth=&#8220;true&#8220; id=&#8220;get_quote&#8220;][vc_column][vc_raw_html css=&#8220;.vc_custom_1558059067764{margin-bottom: 0px !important;}&#8220;]JTNDaWZyYW1lJTIwc3JjJTNEJTIyaHR0cHMlM0ElMkYlMkZ3d3cuZm95ZXJnbG9iYWxoZWFsdGguY29tJTJGcHJlbWl1bS1zZWxlY3QtZGUlMkYlMjIlMjBzY3JvbGxpbmclM0QlMjJubyUyMiUyMCUyMGlkJTNEJTIyY3VzdG9tX2lmcmFtZV9kZSUyMiUyMHN0eWxlJTNEJTIyYm9yZGVyJTNBJTIwbm9uZSUzQiUyMHdpZHRoJTNBJTIwMTAwJTI1JTNCJTIwbWluLWhlaWdodCUzQSUyMDgwMHB4JTIyJTNFJTNDJTJGaWZyYW1lJTNF[\/vc_raw_html][\/vc_column][\/vc_row]","protected":false},"excerpt":{"rendered":"<p>[vc_row fullwidth=&#8220;true&#8220; el_class=&#8220;top_header_custom_final&#8220; css=&#8220;.vc_custom_1555112607412{background-image: url(https:\/\/ps-fib.de\/wp-content\/uploads\/2019\/04\/special-header.jpg?id=92) !important;}&#8220;][vc_column][vc_row_inner el_class=&#8220;inner_content&#8220; css=&#8220;.vc_custom_1555113259892{padding-top: 100px !important;padding-left: 90px !important;}&#8220;][vc_column_inner][vc_custom_heading text=&#8220;FOYER GLOBAL HEALTH SPECIAL&#8220; font_container=&#8220;tag:h2|text_align:left|color:%23ffffff&#8220; use_theme_fonts=&#8220;yes&#8220; el_class=&#8220;page_title_custom&#8220;][vc_custom_heading text=&#8220;Internationale Krankenversicherung&#8220; font_container=&#8220;tag:h1|text_align:left|color:%23ffffff&#8220; use_theme_fonts=&#8220;yes&#8220; el_class=&#8220;custom_heading_lg&#8220;][\/vc_column_inner][\/vc_row_inner][\/vc_column][\/vc_row][vc_row css=&#8220;.vc_custom_1554919533498{padding-top: 44px !important;padding-bottom: 44px !important;}&#8220; el_class=&#8220;arrow_top&#8220;][vc_column][vc_custom_heading text=&#8220;W\u00e4hlen Sie unseren Bestseller, wo immer Sie auch hingehen&#8220; font_container=&#8220;tag:h2|text_align:center|color:%232f2f2f&#8220; use_theme_fonts=&#8220;yes&#8220; css=&#8220;.vc_custom_1554939309079{margin-top: 0px !important;margin-right: 0px !important;margin-bottom: 0px !important;margin-left: 0px !important;}&#8220; el_class=&#8220;inner_page_custom_heading&#8220;][\/vc_column][\/vc_row][vc_row fullwidth=&#8220;true&#8220; el_class=&#8220;background_gradient_custom&#8220; css=&#8220;.vc_custom_1554911208080{padding-top: 100px [&hellip;]<\/p>\n","protected":false},"author":1,"featured_media":92,"parent":0,"menu_order":0,"comment_status":"closed","ping_status":"closed","template":"","meta":{"footnotes":""},"class_list":["post-90","page","type-page","status-publish","has-post-thumbnail","hentry"],"_links":{"self":[{"href":"https:\/\/ps-fib.de\/de\/wp-json\/wp\/v2\/pages\/90","targetHints":{"allow":["GET"]}}],"collection":[{"href":"https:\/\/ps-fib.de\/de\/wp-json\/wp\/v2\/pages"}],"about":[{"href":"https:\/\/ps-fib.de\/de\/wp-json\/wp\/v2\/types\/page"}],"author":[{"embeddable":true,"href":"https:\/\/ps-fib.de\/de\/wp-json\/wp\/v2\/users\/1"}],"replies":[{"embeddable":true,"href":"https:\/\/ps-fib.de\/de\/wp-json\/wp\/v2\/comments?post=90"}],"version-history":[{"count":11,"href":"https:\/\/ps-fib.de\/de\/wp-json\/wp\/v2\/pages\/90\/revisions"}],"predecessor-version":[{"id":485,"href":"https:\/\/ps-fib.de\/de\/wp-json\/wp\/v2\/pages\/90\/revisions\/485"}],"wp:featuredmedia":[{"embeddable":true,"href":"https:\/\/ps-fib.de\/de\/wp-json\/wp\/v2\/media\/92"}],"wp:attachment":[{"href":"https:\/\/ps-fib.de\/de\/wp-json\/wp\/v2\/media?parent=90"}],"curies":[{"name":"wp","href":"https:\/\/api.w.org\/{rel}","templated":true}]}}