{"id":267,"date":"2019-04-13T03:14:18","date_gmt":"2019-04-13T03:14:18","guid":{"rendered":"https:\/\/ps-fib.de\/?page_id=267"},"modified":"2025-10-25T05:28:50","modified_gmt":"2025-10-25T05:28:50","slug":"company","status":"publish","type":"page","link":"https:\/\/ps-fib.de\/de\/company\/","title":{"rendered":"Company"},"content":{"rendered":"[vc_row fullwidth=&#8220;true&#8220; el_class=&#8220;top_header_custom_final&#8220; css=&#8220;.vc_custom_1555114425761{background-image: url(https:\/\/ps-fib.de\/wp-content\/uploads\/2019\/04\/contact-header-mini-2.jpg?id=168) !important;}&#8220;][vc_column][vc_row_inner el_class=&#8220;inner_content&#8220; css=&#8220;.vc_custom_1555113259892{padding-top: 100px !important;padding-left: 90px !important;}&#8220;][vc_column_inner][vc_custom_heading text=&#8220;Firmen&#8220; font_container=&#8220;tag:h1|text_align:left|color:%23ffffff&#8220; use_theme_fonts=&#8220;yes&#8220; el_class=&#8220;custom_heading_lg&#8220;][\/vc_column_inner][\/vc_row_inner][\/vc_column][\/vc_row][vc_row fullwidth=&#8220;true&#8220; el_class=&#8220;contact_us_gradient&#8220;][vc_column][vc_row_inner el_class=&#8220;inner_content&#8220;][vc_column_inner][vc_column_text css=&#8220;.vc_custom_1725196183035{margin-bottom: 0px !important;padding-top: 70px !important;padding-bottom: 30px !important;}&#8220;]\n<div class=\"paragraph-full gajs\">\n<p style=\"text-align: center;\">1 Sie w\u00fcrden gerne ein Angebot zu unserem internationalen Krankenversicherungsschutz erhalten?<br \/>\nOder Sie haben Fragen zu den Versicherungs- und Dienstleistungen?<br \/>\nWir stehen Ihnen zur Verf\u00fcgung und helfen Ihnen die beste L\u00f6sung f\u00fcr Ihre spezifischen Bed\u00fcrfnisse zu finden.<br \/>\nSie erreichen uns unter der Telefonnummer: <a href=\"tel:+49 221 8000920\">+49 221 8000920<\/a> oder schreiben Sie uns eine Nachricht.<\/p>\n<\/div>\n<div class=\"paragraph-full\" style=\"text-align: center;\"><b>Wenn Sie m\u00f6chten, dass wir Sie kontaktieren, f\u00fcllen Sie bitte das untenstehende Formular aus.<\/b><\/div>\n[\/vc_column_text][\/vc_column_inner][\/vc_row_inner][\/vc_column][\/vc_row][vc_row el_class=&#8220;contact_us_form&#8220; css=&#8220;.vc_custom_1555015312557{margin-bottom: 100px !important;}&#8220;][vc_column]\n<div class=\"wpcf7 no-js\" id=\"wpcf7-f182-o1\" lang=\"en-US\" dir=\"ltr\" data-wpcf7-id=\"182\">\n<div class=\"screen-reader-response\"><p role=\"status\" aria-live=\"polite\" aria-atomic=\"true\"><\/p> <ul><\/ul><\/div>\n<form action=\"\/de\/wp-json\/wp\/v2\/pages\/267#wpcf7-f182-o1\" method=\"post\" class=\"wpcf7-form init\" aria-label=\"Contact form\" novalidate=\"novalidate\" data-status=\"init\">\n<fieldset class=\"hidden-fields-container\"><input type=\"hidden\" name=\"_wpcf7\" value=\"182\" \/><input type=\"hidden\" name=\"_wpcf7_version\" value=\"6.1.2\" \/><input type=\"hidden\" name=\"_wpcf7_locale\" value=\"en_US\" \/><input type=\"hidden\" name=\"_wpcf7_unit_tag\" value=\"wpcf7-f182-o1\" \/><input type=\"hidden\" name=\"_wpcf7_container_post\" value=\"0\" \/><input type=\"hidden\" name=\"_wpcf7_posted_data_hash\" value=\"\" \/>\n<\/fieldset>\n<div class=\"form-row\">\n\t<div class=\"col-lg-6\">\n\t\t<p><label>Vorname*<\/label><br \/>\n<span class=\"wpcf7-form-control-wrap\" data-name=\"first-name\"><input size=\"40\" maxlength=\"400\" class=\"wpcf7-form-control wpcf7-text wpcf7-validates-as-required form-control\" id=\"first-name\" aria-required=\"true\" aria-invalid=\"false\" value=\"\" type=\"text\" name=\"first-name\" \/><\/span>\n\t\t<\/p>\n\t<\/div>\n\t<div class=\"col-lg-6\">\n\t\t<p><label>Nachname*<\/label><br \/>\n<span class=\"wpcf7-form-control-wrap\" data-name=\"last-name\"><input size=\"40\" maxlength=\"400\" class=\"wpcf7-form-control wpcf7-text wpcf7-validates-as-required form-control\" id=\"last-name\" aria-required=\"true\" aria-invalid=\"false\" value=\"\" type=\"text\" name=\"last-name\" \/><\/span>\n\t\t<\/p>\n\t<\/div>\n<\/div>\n<div class=\"form-row\">\n\t<div class=\"col-lg-6\">\n\t\t<p><label>Telefon*<\/label><br \/>\n<span class=\"wpcf7-form-control-wrap\" data-name=\"phone\"><input size=\"40\" maxlength=\"400\" class=\"wpcf7-form-control wpcf7-tel wpcf7-validates-as-required wpcf7-text wpcf7-validates-as-tel form-control\" id=\"phone\" aria-required=\"true\" aria-invalid=\"false\" value=\"\" type=\"tel\" name=\"phone\" \/><\/span>\n\t\t<\/p>\n\t<\/div>\n\t<div class=\"col-lg-6\">\n\t\t<p><label>E-mail*<\/label><br \/>\n<span class=\"wpcf7-form-control-wrap\" data-name=\"your-email\"><input size=\"40\" maxlength=\"400\" class=\"wpcf7-form-control wpcf7-email wpcf7-validates-as-required wpcf7-text wpcf7-validates-as-email form-control\" id=\"your-email\" aria-required=\"true\" aria-invalid=\"false\" value=\"\" type=\"email\" name=\"your-email\" \/><\/span>\n\t\t<\/p>\n\t<\/div>\n<\/div>\n<div class=\"form-row\">\n\t<div class=\"col-lg-6\">\n\t\t<p><label>Geburtsdatum*<\/label><br \/>\n<span class=\"wpcf7-form-control-wrap\" data-name=\"birthday\"><input class=\"wpcf7-form-control wpcf7-date wpcf7-validates-as-required wpcf7-validates-as-date form-control\" id=\"birthday\" aria-required=\"true\" aria-invalid=\"false\" value=\"\" type=\"date\" name=\"birthday\" \/><\/span>\n\t\t<\/p>\n\t<\/div>\n\t<div class=\"col-lg-6\">\n\t\t<p><label>Adresse*<\/label><br \/>\n<span class=\"wpcf7-form-control-wrap\" data-name=\"address\"><textarea cols=\"40\" rows=\"10\" maxlength=\"2000\" class=\"wpcf7-form-control wpcf7-textarea wpcf7-validates-as-required form-control\" id=\"address\" aria-required=\"true\" aria-invalid=\"false\" name=\"address\"><\/textarea><\/span>\n\t\t<\/p>\n\t<\/div>\n<\/div>\n<div class=\"form-row\">\n\t<div class=\"col-lg-6\">\n\t\t<p><label>Postleitzahl*<\/label><br \/>\n<span class=\"wpcf7-form-control-wrap\" data-name=\"zip\"><input size=\"40\" maxlength=\"400\" class=\"wpcf7-form-control wpcf7-text wpcf7-validates-as-required form-control\" id=\"zip\" aria-required=\"true\" aria-invalid=\"false\" value=\"\" type=\"text\" name=\"zip\" \/><\/span>\n\t\t<\/p>\n\t<\/div>\n\t<div class=\"col-lg-6\">\n\t\t<p><label>Stadt*<\/label><br \/>\n<span class=\"wpcf7-form-control-wrap\" data-name=\"city\"><input size=\"40\" maxlength=\"400\" class=\"wpcf7-form-control wpcf7-text wpcf7-validates-as-required form-control\" id=\"city\" aria-required=\"true\" aria-invalid=\"false\" value=\"\" type=\"text\" name=\"city\" \/><\/span>\n\t\t<\/p>\n\t<\/div>\n<\/div>\n<div class=\"form-row\">\n\t<div class=\"col-lg-6\">\n\t\t<p><label>Land*<\/label><br \/>\n<span class=\"wpcf7-form-control-wrap\" data-name=\"country\"><input size=\"40\" maxlength=\"400\" class=\"wpcf7-form-control wpcf7-text wpcf7-validates-as-required form-control\" id=\"country\" aria-required=\"true\" aria-invalid=\"false\" value=\"\" type=\"text\" name=\"country\" \/><\/span>\n\t\t<\/p>\n\t<\/div>\n\t<div class=\"col-lg-6\">\n\t\t<p><label>Ihre Nachricht*<\/label><br \/>\n<span class=\"wpcf7-form-control-wrap\" data-name=\"your-message\"><textarea cols=\"40\" rows=\"10\" maxlength=\"2000\" class=\"wpcf7-form-control wpcf7-textarea wpcf7-validates-as-required form-control\" id=\"your-message\" aria-required=\"true\" aria-invalid=\"false\" name=\"your-message\"><\/textarea><\/span>\n\t\t<\/p>\n\t<\/div>\n<\/div>\n<div class=\"form-row\" style=\"text-align: center;\">\n\t<p><input class=\"wpcf7-form-control wpcf7-submit has-spinner send_button\" type=\"submit\" value=\"Senden\" \/>\n\t<\/p>\n<\/div><div class=\"wpcf7-response-output\" aria-hidden=\"true\"><\/div>\n<\/form>\n<\/div>\n[\/vc_column][\/vc_row]\n","protected":false},"excerpt":{"rendered":"<p>[vc_row fullwidth=&#8220;true&#8220; el_class=&#8220;top_header_custom_final&#8220; css=&#8220;.vc_custom_1555114425761{background-image: url(https:\/\/ps-fib.de\/wp-content\/uploads\/2019\/04\/contact-header-mini-2.jpg?id=168) !important;}&#8220;][vc_column][vc_row_inner el_class=&#8220;inner_content&#8220; css=&#8220;.vc_custom_1555113259892{padding-top: 100px !important;padding-left: 90px !important;}&#8220;][vc_column_inner][vc_custom_heading text=&#8220;Firmen&#8220; font_container=&#8220;tag:h1|text_align:left|color:%23ffffff&#8220; use_theme_fonts=&#8220;yes&#8220; el_class=&#8220;custom_heading_lg&#8220;][\/vc_column_inner][\/vc_row_inner][\/vc_column][\/vc_row][vc_row fullwidth=&#8220;true&#8220; el_class=&#8220;contact_us_gradient&#8220;][vc_column][vc_row_inner el_class=&#8220;inner_content&#8220;][vc_column_inner][vc_column_text css=&#8220;.vc_custom_1725196183035{margin-bottom: 0px !important;padding-top: 70px !important;padding-bottom: 30px !important;}&#8220;] 1 Sie w\u00fcrden gerne ein Angebot zu unserem internationalen Krankenversicherungsschutz erhalten? Oder Sie haben Fragen zu den Versicherungs- und Dienstleistungen? Wir stehen Ihnen zur Verf\u00fcgung und helfen Ihnen die [&hellip;]<\/p>\n","protected":false},"author":1,"featured_media":0,"parent":0,"menu_order":0,"comment_status":"closed","ping_status":"closed","template":"","meta":{"footnotes":""},"class_list":["post-267","page","type-page","status-publish","hentry"],"_links":{"self":[{"href":"https:\/\/ps-fib.de\/de\/wp-json\/wp\/v2\/pages\/267","targetHints":{"allow":["GET"]}}],"collection":[{"href":"https:\/\/ps-fib.de\/de\/wp-json\/wp\/v2\/pages"}],"about":[{"href":"https:\/\/ps-fib.de\/de\/wp-json\/wp\/v2\/types\/page"}],"author":[{"embeddable":true,"href":"https:\/\/ps-fib.de\/de\/wp-json\/wp\/v2\/users\/1"}],"replies":[{"embeddable":true,"href":"https:\/\/ps-fib.de\/de\/wp-json\/wp\/v2\/comments?post=267"}],"version-history":[{"count":10,"href":"https:\/\/ps-fib.de\/de\/wp-json\/wp\/v2\/pages\/267\/revisions"}],"predecessor-version":[{"id":527,"href":"https:\/\/ps-fib.de\/de\/wp-json\/wp\/v2\/pages\/267\/revisions\/527"}],"wp:attachment":[{"href":"https:\/\/ps-fib.de\/de\/wp-json\/wp\/v2\/media?parent=267"}],"curies":[{"name":"wp","href":"https:\/\/api.w.org\/{rel}","templated":true}]}}