{"id":11,"date":"2019-04-10T10:45:02","date_gmt":"2019-04-10T10:45:02","guid":{"rendered":"https:\/\/ps-fib.de\/?page_id=11"},"modified":"2025-11-03T13:46:19","modified_gmt":"2025-11-03T13:46:19","slug":"home","status":"publish","type":"page","link":"https:\/\/ps-fib.de\/de\/","title":{"rendered":"Home"},"content":{"rendered":"[vc_row fullwidth=&#8220;true&#8220;][vc_column][mk_edge_slider full_height=&#8220;false&#8220; height=&#8220;800&#8243; animation_speed=&#8220;1400&#8243; skip_arrow=&#8220;false&#8220; disable_lazyload=&#8220;true&#8220; slides=&#8220;415, 407, 19&#8243;][\/vc_column][\/vc_row][vc_row fullwidth=&#8220;true&#8220; equal_columns=&#8220;true&#8220; css=&#8220;.vc_custom_1555130163978{padding-top: 20px !important;padding-bottom: 20px !important;background-color: #f5f8fb !important;}&#8220; el_class=&#8220;top_text_row&#8220;][vc_column width=&#8220;1\/3&#8243; el_class=&#8220;centered_columns&#8220;][vc_row_inner][vc_column_inner width=&#8220;2\/12&#8243;][vc_single_image image=&#8220;28&#8243; img_size=&#8220;full&#8220; css=&#8220;.vc_custom_1554899807226{margin-bottom: 0px !important;}&#8220;][\/vc_column_inner][vc_column_inner width=&#8220;10\/12&#8243;][vc_column_text css=&#8220;.vc_custom_1725811583242{margin-bottom: 0px !important;}&#8220;]<span style=\"color: #004c92;\">Jeder Mandant, der einmal erfolgreich \u00fcber die Foyer Global Health versichert ist, kann OHNE Gesundheitspr\u00fcfung seine Krankenversicherung ein LEBENLANG nutzen, unabh\u00e4ngig vom jeweiligen Land, in dem er sich aufh\u00e4lt.<\/span>[\/vc_column_text][\/vc_column_inner][\/vc_row_inner][\/vc_column][vc_column width=&#8220;1\/3&#8243; el_class=&#8220;centered_columns&#8220;][vc_row_inner][vc_column_inner width=&#8220;2\/12&#8243;][vc_single_image image=&#8220;44&#8243; img_size=&#8220;full&#8220; css=&#8220;.vc_custom_1554899814340{margin-bottom: 0px !important;}&#8220;][\/vc_column_inner][vc_column_inner width=&#8220;10\/12&#8243;][vc_column_text margin_bottom=&#8220;10&#8243; css=&#8220;.vc_custom_1725811591425{margin-bottom: 0px !important;}&#8220;]<span style=\"color: #004c92;\">Gruppenrabatt auf die Normalpr\u00e4mie f\u00fcr Jedermann!<\/span>[\/vc_column_text][\/vc_column_inner][\/vc_row_inner][\/vc_column][vc_column width=&#8220;1\/3&#8243; el_class=&#8220;centered_columns&#8220;][vc_row_inner el_class=&#8220;top_text_row&#8220;][vc_column_inner width=&#8220;2\/12&#8243;][vc_single_image image=&#8220;45&#8243; img_size=&#8220;full&#8220; css=&#8220;.vc_custom_1554899826250{margin-bottom: 0px !important;}&#8220;][\/vc_column_inner][vc_column_inner width=&#8220;10\/12&#8243;][vc_column_text css=&#8220;.vc_custom_1725811605614{margin-bottom: 0px !important;}&#8220;]<span style=\"color: #004c92;\">Verzicht auf Doppel- bzw. Mehrfachversicherungsregel, damit Sie eine ggf. vorhandene lokale Pflicht- oder Mindestversicherung ohne rechtliche oder abrechnungstechnische Fallstricke erf\u00fcllen k\u00f6nnen.<\/span>[\/vc_column_text][\/vc_column_inner][\/vc_row_inner][\/vc_column][\/vc_row][vc_row el_class=&#8220;plans_div&#8220; css=&#8220;.vc_custom_1554900265019{padding-top: 50px !important;padding-bottom: 50px !important;background-image: url(https:\/\/ps-fib.de\/wp-content\/uploads\/2019\/04\/background-plans.png?id=50) !important;}&#8220;][vc_column][vc_custom_heading text=&#8220;Was auch immer Sie planen&#8220; font_container=&#8220;tag:h4|text_align:center|color:%232f2f2f&#8220; use_theme_fonts=&#8220;yes&#8220;][vc_custom_heading text=&#8220;Wir haben einen Plan f\u00fcr Sie&#8220; font_container=&#8220;tag:h2|text_align:center|color:%232f2f2f&#8220; use_theme_fonts=&#8220;yes&#8220;][vc_column_text css=&#8220;.vc_custom_1725811676945{margin-bottom: 0px !important;}&#8220;]\n<p style=\"text-align: center;\"><span style=\"color: #2f2f2f;\">Sie sind ein Expat? Reisen Sie allein oder mit der Familie? Neuer Job, Auslandsstudium oder einfach nur ein Tapetenwechsel um neue Dinge zu entdecken?<br \/>\nKurzer Trip oder langfristiger Aufenthalt? Als bevorzugter Partner der Foyer Global Health bieten wir Ihnen ein komplettes Angebot von Tarifen<br \/>\ninternationaler Krankenversicherung, das sich Ihren Bed\u00fcrfnissen anpasst.<\/span>[\/vc_column_text][vc_row_inner css=&#8220;.vc_custom_1554901062833{padding-top: 50px !important;}&#8220; el_class=&#8220;special_exclusive_divs&#8220;][vc_column_inner width=&#8220;1\/2&#8243;][vc_single_image image=&#8220;58&#8243; img_size=&#8220;full&#8220; alignment=&#8220;center&#8220;][vc_custom_heading text=&#8220;Sie ziehen wegen Ihrer Arbeit f\u00fcr l\u00e4ngere Zeit ins Ausland?&#8220; font_container=&#8220;tag:h3|text_align:center|color:%230d284e&#8220; use_theme_fonts=&#8220;yes&#8220; el_class=&#8220;wid500&#8243; css=&#8220;.vc_custom_1725811691785{margin-bottom: 20px !important;}&#8220;][vc_column_text el_class=&#8220;wid500&#8243; css=&#8220;.vc_custom_1725811698254{margin-top: 25px !important;margin-bottom: 0px !important;}&#8220;]\n<p style=\"text-align: center;\"><span style=\"color: #0d284e;\">Sie wollen sicher stellen, dass Ihr Versicherungsschutz alles abdeckt. Obwohl Ihnen Vieles anders vorkommen wird als Zuhause, wollen Sie trotzdem nicht auf die gleiche Sicherheit und Unterst\u00fctzung verzichten, die Sie heute genie\u00dfen. Mit der Arbeit die ihren Lauf nimmt, Kinder die zur Schule gehen, neue Freunde die gefunden werden. Gelassenheit ist wichtig, damit Sie sich wieder zu Hause f\u00fchlen.<\/span><\/p>\n[\/vc_column_text][vc_btn title=&#8220;More about Special&#8220; align=&#8220;center&#8220; el_class=&#8220;more_about_button&#8220; link=&#8220;url:https%3A%2F%2Fps-fib.de%2Fglobal-health-special%2F|title:Global%20Health%20Special||&#8220;][\/vc_column_inner][vc_column_inner width=&#8220;1\/2&#8243;][vc_single_image image=&#8220;59&#8243; img_size=&#8220;full&#8220; alignment=&#8220;center&#8220;][vc_custom_heading text=&#8220;Wenn Sie nach dem h\u00f6chsten Versicherungsumfang suchen und hohe Anforderungen an die Organisation Ihrer medizinischen Betreuung stellen, dann ist EXCLUSIVE die richtige Wahl f\u00fcr Sie.&#8220; font_container=&#8220;tag:h3|text_align:center|color:%230d284e&#8220; use_theme_fonts=&#8220;yes&#8220; el_class=&#8220;wid500&#8243; css=&#8220;.vc_custom_1725811707970{margin-bottom: 20px !important;}&#8220;][vc_column_text el_class=&#8220;wid500&#8243; css=&#8220;.vc_custom_1725811714521{margin-top: 25px !important;margin-bottom: 0px !important;}&#8220;]\n<p style=\"text-align: center;\"><span style=\"color: #0d284e;\">Mit EXCLUSIVE hat Foyer Global Health den Rundum Versicherungsschutz f\u00fcr Expats geschaffen<\/span><\/p>\n[\/vc_column_text][vc_btn title=&#8220;More about Exclusive&#8220; align=&#8220;center&#8220; el_class=&#8220;more_about_button&#8220; link=&#8220;url:https%3A%2F%2Fps-fib.de%2Fglobal-health-exclusive%2F|title:Global%20Health%20Exclusive||&#8220;][\/vc_column_inner][\/vc_row_inner][\/vc_column][\/vc_row][vc_row fullwidth=&#8220;true&#8220; css=&#8220;.vc_custom_1554905428464{padding-top: 50px !important;padding-bottom: 100px !important;background-image: url(https:\/\/ps-fib.de\/wp-content\/uploads\/2019\/04\/background-assitance.jpg?id=69) !important;background-position: center !important;background-repeat: no-repeat !important;background-size: cover !important;}&#8220;][vc_column][vc_row_inner][vc_column_inner][vc_custom_heading text=&#8220;Schnelle und effiziente<br \/>\nDienstleistungen \u00fcberall auf der Welt&#8220; font_container=&#8220;tag:h1|text_align:center|color:%23ffffff&#8220; use_theme_fonts=&#8220;yes&#8220;][\/vc_column_inner][\/vc_row_inner][vc_row_inner el_class=&#8220;inner_row&#8220; css=&#8220;.vc_custom_1554905384475{padding-top: 30px !important;}&#8220;][vc_column_inner width=&#8220;1\/4&#8243;][vc_single_image image=&#8220;71&#8243; img_size=&#8220;full&#8220; alignment=&#8220;center&#8220; css=&#8220;.vc_custom_1554905208683{margin-bottom: 10px !important;}&#8220;][vc_custom_heading text=&#8220;Direkte Assistance 24\/7&#8243; font_container=&#8220;tag:h4|text_align:center|color:%23ffffff&#8220; use_theme_fonts=&#8220;yes&#8220;][\/vc_column_inner][vc_column_inner width=&#8220;1\/4&#8243;][vc_single_image image=&#8220;77&#8243; img_size=&#8220;full&#8220; alignment=&#8220;center&#8220; css=&#8220;.vc_custom_1554905251825{margin-bottom: 10px !important;}&#8220;][vc_custom_heading text=&#8220;Zweite Meinung von Best<br \/>\nDoctors \u00ae&#8220; font_container=&#8220;tag:h4|text_align:center|color:%23ffffff&#8220; use_theme_fonts=&#8220;yes&#8220;][\/vc_column_inner][vc_column_inner width=&#8220;1\/4&#8243;][vc_single_image image=&#8220;76&#8243; img_size=&#8220;full&#8220; alignment=&#8220;center&#8220; css=&#8220;.vc_custom_1554905298841{margin-bottom: 10px !important;}&#8220;][vc_custom_heading text=&#8220;Zugriff auf eine Liste von<br \/>\nmedizinischen Dienstleistern&#8220; font_container=&#8220;tag:h4|text_align:center|color:%23ffffff&#8220; use_theme_fonts=&#8220;yes&#8220;][\/vc_column_inner][vc_column_inner width=&#8220;1\/4&#8243;][vc_single_image image=&#8220;77&#8243; img_size=&#8220;full&#8220; alignment=&#8220;center&#8220; css=&#8220;.vc_custom_1554905315433{margin-bottom: 10px !important;}&#8220;][vc_custom_heading text=&#8220;Kundenportal&#8220; font_container=&#8220;tag:h4|text_align:center|color:%23ffffff&#8220; use_theme_fonts=&#8220;yes&#8220;][\/vc_column_inner][\/vc_row_inner][\/vc_column][\/vc_row][vc_row][vc_column css=&#8220;.vc_custom_1558544661735{padding-top: 50px !important;padding-bottom: 100px !important;}&#8220;][vc_custom_heading text=&#8220;\u00dcber Foyer Global Health&#8220; font_container=&#8220;tag:h5|font_size:18px|text_align:center&#8220;][vc_custom_heading text=&#8220;Exzellenz made in Luxembourg, seit 1922&#8243; font_container=&#8220;tag:h2|text_align:center|color:%232f2f2f&#8220;][vc_column_text el_class=&#8220;maxwid800&#8243; css=&#8220;.vc_custom_1725811798494{margin-top: 30px !important;margin-bottom: 0px !important;}&#8220;]Das Gro\u00dfherzogtum Luxemburg ist weithin anerkannt als eines der wichtigsten Zentren f\u00fcr internationale, grenz\u00fcberschreitende Versicherungsl\u00f6sungen.<\/p>\n<p>Der Erfolg des Luxemburger Versicherungs- und R\u00fcckversicherungsmarktes ist das Resultat einer Kombination an Faktoren. Diese beinhaltet die finanzielle, politische und soziale Stabilit\u00e4t des Landes, seine Vielseitigkeit und Verf\u00fcgbarkeit sowie die Business Orientierung seiner Aufsichtsbeh\u00f6rden. Die hochqualifizierten, mehrsprachigen Arbeitskr\u00e4fte sowie die legalen und regulatorischen Rahmenbedingungen, die den Schutz des Versicherungsnehmers gleicherma\u00dfen gew\u00e4hrleisten und es erlauben, ma\u00dfgeschneiderte L\u00f6sungen anzubieten, stellen ebenfalls nennenswerte Aspekte des Erfolgs des Luxemburger Marktes dar.<\/p>\n<p>Unser preferred Partner die Foyer Global Health ist die auf Expats spezialisierte Marke der in Luxemburg f\u00fchrenden Foyer Versicherungsgruppe. Die Krankenversicherungen sind das Resultat von Jahrzehnte langer Erfahrungen mit unseren internationalen Kunden aus aller Welt. Die Foyer Global Health bietet erstklassigen internationalen Versicherungsschutz f\u00fcr Ihre Gesundheit, kombiniert mit einer vollumf\u00e4nglichen medizinischen Assistanceleistung, sowie weiteren Dienstleistungen, die Sie Ihren Bed\u00fcrfnissen angepasst hinzu schalten k\u00f6nnen.[\/vc_column_text][\/vc_column][\/vc_row][vc_row fullwidth=&#8220;true&#8220; css=&#8220;.vc_custom_1559130652519{background-color: rgba(0,83,153,0.2) !important;*background-color: rgb(0,83,153) !important;}&#8220; id=&#8220;get_quote&#8220;][vc_column][mk_fancy_title color=&#8220;#ffffff&#8220; font_weight=&#8220;500&#8243; margin_top=&#8220;20&#8243; margin_bottom=&#8220;0&#8243; font_family=&#8220;none&#8220; align=&#8220;center&#8220;]\n<p style=\"text-align: center;\"><span style=\"color: #ffffff;\"><strong>Please Note! The discount is already included in the calculator<\/strong><\/span><\/p>\n[\/mk_fancy_title][\/vc_column][\/vc_row][vc_row fullwidth=&#8220;true&#8220;][vc_column][vc_raw_html css=&#8220;.vc_custom_1762177574414{margin-bottom: 0px !important;}&#8220;]JTNDaWZyYW1lJTIwc3JjJTNEJTIyaHR0cHMlM0ElMkYlMkZhcHBsaWNhdGlvbi5mb3llcmdsb2JhbGhlYWx0aC5jb20lMkZjbGllbnQtY291cnRpZXIlM0Zicm9rZXIlM0Q1MTk0JTI2Z3JvdXBpZCUzRDQwNDIlMjIlMjBzY3JvbGxpbmclM0QlMjJubyUyMiUyMCUyMGlkJTNEJTIyY3VzdG9tX2lmcmFtZV9kZSUyMiUyMHN0eWxlJTNEJTIyYm9yZGVyJTNBJTIwbm9uZSUzQiUyMHdpZHRoJTNBJTIwMTAwJTI1JTNCJTIwbWluLWhlaWdodCUzQSUyMDk1MHB4JTIyJTNFJTNDJTJGaWZyYW1lJTNF[\/vc_raw_html][\/vc_column][\/vc_row][vc_row][vc_column][vc_column_text][\/vc_column_text][\/vc_column][\/vc_row][vc_row][vc_column][vc_column_text][\/vc_column_text][\/vc_column][\/vc_row][vc_row][vc_column][vc_column_text][\/vc_column_text][\/vc_column][\/vc_row][vc_row][vc_column][vc_column_text][\/vc_column_text][\/vc_column][\/vc_row]\n","protected":false},"excerpt":{"rendered":"<p>[vc_row fullwidth=&#8220;true&#8220;][vc_column][mk_edge_slider full_height=&#8220;false&#8220; height=&#8220;800&#8243; animation_speed=&#8220;1400&#8243; skip_arrow=&#8220;false&#8220; disable_lazyload=&#8220;true&#8220; slides=&#8220;415, 407, 19&#8243;][\/vc_column][\/vc_row][vc_row fullwidth=&#8220;true&#8220; equal_columns=&#8220;true&#8220; css=&#8220;.vc_custom_1555130163978{padding-top: 20px !important;padding-bottom: 20px !important;background-color: #f5f8fb !important;}&#8220; el_class=&#8220;top_text_row&#8220;][vc_column width=&#8220;1\/3&#8243; el_class=&#8220;centered_columns&#8220;][vc_row_inner][vc_column_inner width=&#8220;2\/12&#8243;][vc_single_image image=&#8220;28&#8243; img_size=&#8220;full&#8220; css=&#8220;.vc_custom_1554899807226{margin-bottom: 0px !important;}&#8220;][\/vc_column_inner][vc_column_inner width=&#8220;10\/12&#8243;][vc_column_text css=&#8220;.vc_custom_1725811583242{margin-bottom: 0px !important;}&#8220;]Jeder Mandant, der einmal erfolgreich \u00fcber die Foyer Global Health versichert ist, kann OHNE Gesundheitspr\u00fcfung seine Krankenversicherung ein LEBENLANG nutzen, unabh\u00e4ngig vom jeweiligen Land, [&hellip;]<\/p>\n","protected":false},"author":1,"featured_media":440,"parent":0,"menu_order":0,"comment_status":"closed","ping_status":"closed","template":"","meta":{"footnotes":""},"class_list":["post-11","page","type-page","status-publish","has-post-thumbnail","hentry"],"_links":{"self":[{"href":"https:\/\/ps-fib.de\/de\/wp-json\/wp\/v2\/pages\/11","targetHints":{"allow":["GET"]}}],"collection":[{"href":"https:\/\/ps-fib.de\/de\/wp-json\/wp\/v2\/pages"}],"about":[{"href":"https:\/\/ps-fib.de\/de\/wp-json\/wp\/v2\/types\/page"}],"author":[{"embeddable":true,"href":"https:\/\/ps-fib.de\/de\/wp-json\/wp\/v2\/users\/1"}],"replies":[{"embeddable":true,"href":"https:\/\/ps-fib.de\/de\/wp-json\/wp\/v2\/comments?post=11"}],"version-history":[{"count":11,"href":"https:\/\/ps-fib.de\/de\/wp-json\/wp\/v2\/pages\/11\/revisions"}],"predecessor-version":[{"id":584,"href":"https:\/\/ps-fib.de\/de\/wp-json\/wp\/v2\/pages\/11\/revisions\/584"}],"wp:featuredmedia":[{"embeddable":true,"href":"https:\/\/ps-fib.de\/de\/wp-json\/wp\/v2\/media\/440"}],"wp:attachment":[{"href":"https:\/\/ps-fib.de\/de\/wp-json\/wp\/v2\/media?parent=11"}],"curies":[{"name":"wp","href":"https:\/\/api.w.org\/{rel}","templated":true}]}}